{"id":373,"date":"2024-05-25T17:43:35","date_gmt":"2024-05-25T15:43:35","guid":{"rendered":"http:\/\/forge-musee.fr\/?page_id=373"},"modified":"2026-02-18T16:26:32","modified_gmt":"2026-02-18T15:26:32","slug":"calendrier-des-animations-2024","status":"publish","type":"page","link":"https:\/\/forge-musee.fr\/index.php\/calendrier-des-animations-2024\/","title":{"rendered":"Calendrier des animations &#8211; 2026"},"content":{"rendered":"\n<h2 class=\"wp-block-heading\">En pr\u00e9paration &#8230; pour la nouvelle saison d&rsquo;ouverture 2026<\/h2>\n\n\n\n<hr class=\"wp-block-separator has-alpha-channel-opacity\"\/>\n\n\n\n<h2 class=\"wp-block-heading\"><em>Les \u00e9v\u00e9nements pass\u00e9s : 2025<\/em><br><br><\/h2>\n\n\n\n<div class=\"wp-block-media-text is-stacked-on-mobile is-vertically-aligned-center\" style=\"grid-template-columns:24% auto\"><figure class=\"wp-block-media-text__media\"><img loading=\"lazy\" decoding=\"async\" width=\"724\" height=\"1024\" src=\"https:\/\/forge-musee.fr\/wp-content\/uploads\/2025\/10\/Affiche-Marche-de-Noel-2025-724x1024.png\" alt=\"\" class=\"wp-image-898 size-full\" srcset=\"https:\/\/forge-musee.fr\/wp-content\/uploads\/2025\/10\/Affiche-Marche-de-Noel-2025-724x1024.png 724w, https:\/\/forge-musee.fr\/wp-content\/uploads\/2025\/10\/Affiche-Marche-de-Noel-2025-212x300.png 212w, https:\/\/forge-musee.fr\/wp-content\/uploads\/2025\/10\/Affiche-Marche-de-Noel-2025-768x1086.png 768w, https:\/\/forge-musee.fr\/wp-content\/uploads\/2025\/10\/Affiche-Marche-de-Noel-2025-1086x1536.png 1086w, https:\/\/forge-musee.fr\/wp-content\/uploads\/2025\/10\/Affiche-Marche-de-Noel-2025.png 1414w\" sizes=\"auto, (max-width: 724px) 100vw, 724px\" \/><\/figure><div class=\"wp-block-media-text__content\">\n<p class=\"has-text-align-center\"><\/p>\n\n\n\n<p><\/p>\n\n\n\n<p class=\"has-text-align-center\"><\/p>\n\n\n\n<p><\/p>\n<\/div><\/div>\n\n\n\n<p><\/p>\n\n\n\n<figure class=\"wp-block-gallery has-nested-images columns-default is-cropped wp-block-gallery-1 is-layout-flex wp-block-gallery-is-layout-flex\">\n<figure class=\"wp-block-image size-large is-resized\"><img loading=\"lazy\" decoding=\"async\" width=\"724\" height=\"1024\" data-id=\"852\" src=\"http:\/\/forge-musee.fr\/wp-content\/uploads\/2025\/06\/AFF-1-724x1024.jpg\" alt=\"\" class=\"wp-image-852\" style=\"width:240px;height:auto\" srcset=\"https:\/\/forge-musee.fr\/wp-content\/uploads\/2025\/06\/AFF-1-724x1024.jpg 724w, https:\/\/forge-musee.fr\/wp-content\/uploads\/2025\/06\/AFF-1-212x300.jpg 212w, https:\/\/forge-musee.fr\/wp-content\/uploads\/2025\/06\/AFF-1-768x1086.jpg 768w, https:\/\/forge-musee.fr\/wp-content\/uploads\/2025\/06\/AFF-1-1086x1536.jpg 1086w, https:\/\/forge-musee.fr\/wp-content\/uploads\/2025\/06\/AFF-1.jpg 1414w\" sizes=\"auto, (max-width: 724px) 100vw, 724px\" \/><\/figure>\n\n\n\n<figure class=\"wp-block-image size-large is-resized\"><img loading=\"lazy\" decoding=\"async\" width=\"724\" height=\"1024\" data-id=\"889\" src=\"http:\/\/forge-musee.fr\/wp-content\/uploads\/2025\/09\/Journees-Europeennes-du-Patrimoine-20241-724x1024.png\" alt=\"\" class=\"wp-image-889\" style=\"width:242px;height:auto\" srcset=\"https:\/\/forge-musee.fr\/wp-content\/uploads\/2025\/09\/Journees-Europeennes-du-Patrimoine-20241-724x1024.png 724w, https:\/\/forge-musee.fr\/wp-content\/uploads\/2025\/09\/Journees-Europeennes-du-Patrimoine-20241-212x300.png 212w, https:\/\/forge-musee.fr\/wp-content\/uploads\/2025\/09\/Journees-Europeennes-du-Patrimoine-20241-768x1086.png 768w, https:\/\/forge-musee.fr\/wp-content\/uploads\/2025\/09\/Journees-Europeennes-du-Patrimoine-20241-1086x1536.png 1086w, https:\/\/forge-musee.fr\/wp-content\/uploads\/2025\/09\/Journees-Europeennes-du-Patrimoine-20241.png 1414w\" sizes=\"auto, (max-width: 724px) 100vw, 724px\" \/><\/figure>\n\n\n\n<figure class=\"wp-block-image size-large is-resized\"><img loading=\"lazy\" decoding=\"async\" width=\"724\" height=\"1024\" data-id=\"839\" src=\"http:\/\/forge-musee.fr\/wp-content\/uploads\/2025\/05\/MARECHAL-FERRANT-724x1024.png\" alt=\"\" class=\"wp-image-839\" style=\"width:248px;height:auto\" srcset=\"https:\/\/forge-musee.fr\/wp-content\/uploads\/2025\/05\/MARECHAL-FERRANT-724x1024.png 724w, https:\/\/forge-musee.fr\/wp-content\/uploads\/2025\/05\/MARECHAL-FERRANT-212x300.png 212w, https:\/\/forge-musee.fr\/wp-content\/uploads\/2025\/05\/MARECHAL-FERRANT-768x1086.png 768w, https:\/\/forge-musee.fr\/wp-content\/uploads\/2025\/05\/MARECHAL-FERRANT-1086x1536.png 1086w, https:\/\/forge-musee.fr\/wp-content\/uploads\/2025\/05\/MARECHAL-FERRANT.png 1414w\" sizes=\"auto, (max-width: 724px) 100vw, 724px\" \/><\/figure>\n<\/figure>\n\n\n\n<figure class=\"wp-block-gallery has-nested-images columns-default is-cropped wp-block-gallery-2 is-layout-flex wp-block-gallery-is-layout-flex\">\n<figure class=\"wp-block-image size-large is-resized\"><img loading=\"lazy\" decoding=\"async\" width=\"724\" height=\"1024\" data-id=\"833\" src=\"http:\/\/forge-musee.fr\/wp-content\/uploads\/2025\/04\/Nuit-des-musees1-724x1024.jpg\" alt=\"\" class=\"wp-image-833\" style=\"width:240px;height:auto\" srcset=\"https:\/\/forge-musee.fr\/wp-content\/uploads\/2025\/04\/Nuit-des-musees1-724x1024.jpg 724w, https:\/\/forge-musee.fr\/wp-content\/uploads\/2025\/04\/Nuit-des-musees1-212x300.jpg 212w, https:\/\/forge-musee.fr\/wp-content\/uploads\/2025\/04\/Nuit-des-musees1-768x1086.jpg 768w, https:\/\/forge-musee.fr\/wp-content\/uploads\/2025\/04\/Nuit-des-musees1-1086x1536.jpg 1086w, https:\/\/forge-musee.fr\/wp-content\/uploads\/2025\/04\/Nuit-des-musees1.jpg 1414w\" sizes=\"auto, (max-width: 724px) 100vw, 724px\" \/><\/figure>\n\n\n\n<figure class=\"wp-block-image size-large is-resized\"><img loading=\"lazy\" decoding=\"async\" width=\"724\" height=\"1024\" data-id=\"832\" src=\"http:\/\/forge-musee.fr\/wp-content\/uploads\/2025\/04\/2-724x1024.png\" alt=\"\" class=\"wp-image-832\" style=\"width:242px;height:auto\" srcset=\"https:\/\/forge-musee.fr\/wp-content\/uploads\/2025\/04\/2-724x1024.png 724w, https:\/\/forge-musee.fr\/wp-content\/uploads\/2025\/04\/2-212x300.png 212w, https:\/\/forge-musee.fr\/wp-content\/uploads\/2025\/04\/2-768x1086.png 768w, https:\/\/forge-musee.fr\/wp-content\/uploads\/2025\/04\/2-1086x1536.png 1086w, https:\/\/forge-musee.fr\/wp-content\/uploads\/2025\/04\/2.png 1414w\" sizes=\"auto, (max-width: 724px) 100vw, 724px\" \/><\/figure>\n\n\n\n<figure class=\"wp-block-image size-large is-resized\"><img loading=\"lazy\" decoding=\"async\" width=\"724\" height=\"1024\" data-id=\"831\" src=\"http:\/\/forge-musee.fr\/wp-content\/uploads\/2025\/04\/Fete-reouverture-2025-724x1024.png\" alt=\"\" class=\"wp-image-831\" style=\"width:248px;height:auto\" srcset=\"https:\/\/forge-musee.fr\/wp-content\/uploads\/2025\/04\/Fete-reouverture-2025-724x1024.png 724w, https:\/\/forge-musee.fr\/wp-content\/uploads\/2025\/04\/Fete-reouverture-2025-212x300.png 212w, https:\/\/forge-musee.fr\/wp-content\/uploads\/2025\/04\/Fete-reouverture-2025-768x1086.png 768w, https:\/\/forge-musee.fr\/wp-content\/uploads\/2025\/04\/Fete-reouverture-2025-1086x1536.png 1086w, https:\/\/forge-musee.fr\/wp-content\/uploads\/2025\/04\/Fete-reouverture-2025.png 1414w\" sizes=\"auto, (max-width: 724px) 100vw, 724px\" \/><\/figure>\n<\/figure>\n\n\n\n<h2 class=\"wp-block-heading\"><em>Les \u00e9v\u00e9nements pass\u00e9s : 2024<\/em><\/h2>\n\n\n\n<div style=\"height:50px\" aria-hidden=\"true\" class=\"wp-block-spacer\"><\/div>\n\n\n\n<figure class=\"wp-block-gallery has-nested-images columns-default is-cropped wp-block-gallery-3 is-layout-flex wp-block-gallery-is-layout-flex\">\n<figure class=\"wp-block-image size-large\"><img loading=\"lazy\" decoding=\"async\" width=\"724\" height=\"1024\" data-id=\"716\" src=\"https:\/\/forge-musee.fr\/wp-content\/uploads\/2025\/02\/Marche-de-Noel2-724x1024.png\" alt=\"\" class=\"wp-image-716\" srcset=\"https:\/\/forge-musee.fr\/wp-content\/uploads\/2025\/02\/Marche-de-Noel2-724x1024.png 724w, https:\/\/forge-musee.fr\/wp-content\/uploads\/2025\/02\/Marche-de-Noel2-212x300.png 212w, https:\/\/forge-musee.fr\/wp-content\/uploads\/2025\/02\/Marche-de-Noel2-768x1086.png 768w, https:\/\/forge-musee.fr\/wp-content\/uploads\/2025\/02\/Marche-de-Noel2-1086x1536.png 1086w, https:\/\/forge-musee.fr\/wp-content\/uploads\/2025\/02\/Marche-de-Noel2.png 1414w\" sizes=\"auto, (max-width: 724px) 100vw, 724px\" \/><\/figure>\n\n\n\n<figure class=\"wp-block-image size-large\"><img loading=\"lazy\" decoding=\"async\" width=\"724\" height=\"1024\" data-id=\"596\" src=\"https:\/\/forge-musee.fr\/wp-content\/uploads\/2024\/10\/ITC-Blackadder6-724x1024.png\" alt=\"\" class=\"wp-image-596\" srcset=\"https:\/\/forge-musee.fr\/wp-content\/uploads\/2024\/10\/ITC-Blackadder6-724x1024.png 724w, https:\/\/forge-musee.fr\/wp-content\/uploads\/2024\/10\/ITC-Blackadder6-212x300.png 212w, https:\/\/forge-musee.fr\/wp-content\/uploads\/2024\/10\/ITC-Blackadder6-768x1086.png 768w, https:\/\/forge-musee.fr\/wp-content\/uploads\/2024\/10\/ITC-Blackadder6-1086x1536.png 1086w, https:\/\/forge-musee.fr\/wp-content\/uploads\/2024\/10\/ITC-Blackadder6.png 1414w\" sizes=\"auto, (max-width: 724px) 100vw, 724px\" \/><\/figure>\n\n\n\n<figure class=\"wp-block-image size-large\"><img loading=\"lazy\" decoding=\"async\" width=\"724\" height=\"1024\" data-id=\"500\" src=\"https:\/\/forge-musee.fr\/wp-content\/uploads\/2024\/09\/Forge-Feminin2-724x1024.png\" alt=\"\" class=\"wp-image-500\" srcset=\"https:\/\/forge-musee.fr\/wp-content\/uploads\/2024\/09\/Forge-Feminin2-724x1024.png 724w, https:\/\/forge-musee.fr\/wp-content\/uploads\/2024\/09\/Forge-Feminin2-212x300.png 212w, https:\/\/forge-musee.fr\/wp-content\/uploads\/2024\/09\/Forge-Feminin2-768x1086.png 768w, https:\/\/forge-musee.fr\/wp-content\/uploads\/2024\/09\/Forge-Feminin2-1086x1536.png 1086w, https:\/\/forge-musee.fr\/wp-content\/uploads\/2024\/09\/Forge-Feminin2.png 1414w\" sizes=\"auto, (max-width: 724px) 100vw, 724px\" \/><\/figure>\n\n\n\n<figure class=\"wp-block-image size-large\"><img loading=\"lazy\" decoding=\"async\" width=\"724\" height=\"1024\" data-id=\"489\" src=\"https:\/\/forge-musee.fr\/wp-content\/uploads\/2024\/08\/Puces-20241-724x1024.jpg\" alt=\"\" class=\"wp-image-489\" srcset=\"https:\/\/forge-musee.fr\/wp-content\/uploads\/2024\/08\/Puces-20241-724x1024.jpg 724w, https:\/\/forge-musee.fr\/wp-content\/uploads\/2024\/08\/Puces-20241-212x300.jpg 212w, https:\/\/forge-musee.fr\/wp-content\/uploads\/2024\/08\/Puces-20241-768x1086.jpg 768w, https:\/\/forge-musee.fr\/wp-content\/uploads\/2024\/08\/Puces-20241-1086x1536.jpg 1086w, https:\/\/forge-musee.fr\/wp-content\/uploads\/2024\/08\/Puces-20241.jpg 1414w\" sizes=\"auto, (max-width: 724px) 100vw, 724px\" \/><\/figure>\n\n\n\n<figure class=\"wp-block-image size-large\"><img loading=\"lazy\" decoding=\"async\" width=\"724\" height=\"1024\" data-id=\"487\" src=\"https:\/\/forge-musee.fr\/wp-content\/uploads\/2024\/08\/Semaine-jeu--724x1024.jpg\" alt=\"\" class=\"wp-image-487\" srcset=\"https:\/\/forge-musee.fr\/wp-content\/uploads\/2024\/08\/Semaine-jeu--724x1024.jpg 724w, https:\/\/forge-musee.fr\/wp-content\/uploads\/2024\/08\/Semaine-jeu--212x300.jpg 212w, https:\/\/forge-musee.fr\/wp-content\/uploads\/2024\/08\/Semaine-jeu--768x1086.jpg 768w, https:\/\/forge-musee.fr\/wp-content\/uploads\/2024\/08\/Semaine-jeu--1086x1536.jpg 1086w, https:\/\/forge-musee.fr\/wp-content\/uploads\/2024\/08\/Semaine-jeu-.jpg 1414w\" sizes=\"auto, (max-width: 724px) 100vw, 724px\" \/><\/figure>\n\n\n\n<figure class=\"wp-block-image size-large\"><img loading=\"lazy\" decoding=\"async\" width=\"724\" height=\"1024\" data-id=\"482\" src=\"https:\/\/forge-musee.fr\/wp-content\/uploads\/2024\/08\/1-724x1024.png\" alt=\"\" class=\"wp-image-482\" srcset=\"https:\/\/forge-musee.fr\/wp-content\/uploads\/2024\/08\/1-724x1024.png 724w, https:\/\/forge-musee.fr\/wp-content\/uploads\/2024\/08\/1-212x300.png 212w, https:\/\/forge-musee.fr\/wp-content\/uploads\/2024\/08\/1-768x1086.png 768w, https:\/\/forge-musee.fr\/wp-content\/uploads\/2024\/08\/1-1086x1536.png 1086w, https:\/\/forge-musee.fr\/wp-content\/uploads\/2024\/08\/1.png 1414w\" sizes=\"auto, (max-width: 724px) 100vw, 724px\" \/><\/figure>\n\n\n\n<figure class=\"wp-block-image size-large\"><img loading=\"lazy\" decoding=\"async\" width=\"724\" height=\"1024\" data-id=\"474\" src=\"https:\/\/forge-musee.fr\/wp-content\/uploads\/2024\/08\/Demo-forge-aout-246-724x1024.png\" alt=\"\" class=\"wp-image-474\" srcset=\"https:\/\/forge-musee.fr\/wp-content\/uploads\/2024\/08\/Demo-forge-aout-246-724x1024.png 724w, https:\/\/forge-musee.fr\/wp-content\/uploads\/2024\/08\/Demo-forge-aout-246-212x300.png 212w, https:\/\/forge-musee.fr\/wp-content\/uploads\/2024\/08\/Demo-forge-aout-246-768x1086.png 768w, https:\/\/forge-musee.fr\/wp-content\/uploads\/2024\/08\/Demo-forge-aout-246-1086x1536.png 1086w, https:\/\/forge-musee.fr\/wp-content\/uploads\/2024\/08\/Demo-forge-aout-246.png 1414w\" sizes=\"auto, (max-width: 724px) 100vw, 724px\" \/><\/figure>\n\n\n\n<figure class=\"wp-block-image size-large\"><img loading=\"lazy\" decoding=\"async\" width=\"724\" height=\"1024\" data-id=\"473\" src=\"https:\/\/forge-musee.fr\/wp-content\/uploads\/2024\/08\/FERRER-UN-CHEVAL2-724x1024.png\" alt=\"\" class=\"wp-image-473\" srcset=\"https:\/\/forge-musee.fr\/wp-content\/uploads\/2024\/08\/FERRER-UN-CHEVAL2-724x1024.png 724w, https:\/\/forge-musee.fr\/wp-content\/uploads\/2024\/08\/FERRER-UN-CHEVAL2-212x300.png 212w, https:\/\/forge-musee.fr\/wp-content\/uploads\/2024\/08\/FERRER-UN-CHEVAL2-768x1086.png 768w, https:\/\/forge-musee.fr\/wp-content\/uploads\/2024\/08\/FERRER-UN-CHEVAL2-1086x1536.png 1086w, https:\/\/forge-musee.fr\/wp-content\/uploads\/2024\/08\/FERRER-UN-CHEVAL2.png 1414w\" sizes=\"auto, (max-width: 724px) 100vw, 724px\" \/><\/figure>\n\n\n\n<figure class=\"wp-block-image size-large\"><img loading=\"lazy\" decoding=\"async\" width=\"724\" height=\"1024\" data-id=\"378\" src=\"https:\/\/forge-musee.fr\/wp-content\/uploads\/2024\/05\/Nuit-des-musees1-724x1024.png\" alt=\"\" class=\"wp-image-378\" srcset=\"https:\/\/forge-musee.fr\/wp-content\/uploads\/2024\/05\/Nuit-des-musees1-724x1024.png 724w, https:\/\/forge-musee.fr\/wp-content\/uploads\/2024\/05\/Nuit-des-musees1-212x300.png 212w, https:\/\/forge-musee.fr\/wp-content\/uploads\/2024\/05\/Nuit-des-musees1-768x1086.png 768w, https:\/\/forge-musee.fr\/wp-content\/uploads\/2024\/05\/Nuit-des-musees1-1086x1536.png 1086w, https:\/\/forge-musee.fr\/wp-content\/uploads\/2024\/05\/Nuit-des-musees1.png 1414w\" sizes=\"auto, (max-width: 724px) 100vw, 724px\" \/><\/figure>\n\n\n\n<figure class=\"wp-block-image size-large\"><img loading=\"lazy\" decoding=\"async\" width=\"724\" height=\"1024\" data-id=\"381\" src=\"https:\/\/forge-musee.fr\/wp-content\/uploads\/2024\/05\/Paques-1-724x1024.jpg\" alt=\"\" class=\"wp-image-381\" srcset=\"https:\/\/forge-musee.fr\/wp-content\/uploads\/2024\/05\/Paques-1-724x1024.jpg 724w, https:\/\/forge-musee.fr\/wp-content\/uploads\/2024\/05\/Paques-1-212x300.jpg 212w, https:\/\/forge-musee.fr\/wp-content\/uploads\/2024\/05\/Paques-1-768x1086.jpg 768w, https:\/\/forge-musee.fr\/wp-content\/uploads\/2024\/05\/Paques-1-1086x1536.jpg 1086w, https:\/\/forge-musee.fr\/wp-content\/uploads\/2024\/05\/Paques-1.jpg 1414w\" sizes=\"auto, (max-width: 724px) 100vw, 724px\" \/><\/figure>\n\n\n\n<figure class=\"wp-block-image size-large\"><img loading=\"lazy\" decoding=\"async\" width=\"724\" height=\"1024\" data-id=\"377\" src=\"https:\/\/forge-musee.fr\/wp-content\/uploads\/2024\/05\/Fete-reouverture-20241-724x1024.png\" alt=\"\" class=\"wp-image-377\" srcset=\"https:\/\/forge-musee.fr\/wp-content\/uploads\/2024\/05\/Fete-reouverture-20241-724x1024.png 724w, https:\/\/forge-musee.fr\/wp-content\/uploads\/2024\/05\/Fete-reouverture-20241-212x300.png 212w, https:\/\/forge-musee.fr\/wp-content\/uploads\/2024\/05\/Fete-reouverture-20241-768x1086.png 768w, https:\/\/forge-musee.fr\/wp-content\/uploads\/2024\/05\/Fete-reouverture-20241-1086x1536.png 1086w, https:\/\/forge-musee.fr\/wp-content\/uploads\/2024\/05\/Fete-reouverture-20241.png 1414w\" sizes=\"auto, (max-width: 724px) 100vw, 724px\" \/><\/figure>\n\n\n\n<figure class=\"wp-block-image size-large\"><img loading=\"lazy\" decoding=\"async\" width=\"400\" height=\"400\" data-id=\"632\" src=\"https:\/\/forge-musee.fr\/wp-content\/uploads\/2024\/04\/cropped-1200px_Logo_monument_historique___rouge_svg1693226349939.png\" alt=\"\" class=\"wp-image-632\" srcset=\"https:\/\/forge-musee.fr\/wp-content\/uploads\/2024\/04\/cropped-1200px_Logo_monument_historique___rouge_svg1693226349939.png 400w, https:\/\/forge-musee.fr\/wp-content\/uploads\/2024\/04\/cropped-1200px_Logo_monument_historique___rouge_svg1693226349939-300x300.png 300w, https:\/\/forge-musee.fr\/wp-content\/uploads\/2024\/04\/cropped-1200px_Logo_monument_historique___rouge_svg1693226349939-150x150.png 150w\" sizes=\"auto, (max-width: 400px) 100vw, 400px\" \/><\/figure>\n<\/figure>\n\n\n\n<div style=\"height:50px\" aria-hidden=\"true\" class=\"wp-block-spacer\"><\/div>\n\n\n\n<h2 class=\"wp-block-heading\"><em>Les \u00e9v\u00e9nements pass\u00e9s : 2023<\/em><\/h2>\n\n\n\n<div style=\"height:20px\" aria-hidden=\"true\" class=\"wp-block-spacer\"><\/div>\n\n\n\n<figure class=\"wp-block-gallery has-nested-images columns-default is-cropped wp-block-gallery-4 is-layout-flex wp-block-gallery-is-layout-flex\">\n<figure class=\"wp-block-image size-large\"><img loading=\"lazy\" decoding=\"async\" width=\"724\" height=\"1024\" data-id=\"410\" src=\"http:\/\/forge-musee.fr\/wp-content\/uploads\/2024\/05\/Shlop-724x1024.png\" alt=\"\" class=\"wp-image-410\" srcset=\"https:\/\/forge-musee.fr\/wp-content\/uploads\/2024\/05\/Shlop-724x1024.png 724w, https:\/\/forge-musee.fr\/wp-content\/uploads\/2024\/05\/Shlop-212x300.png 212w, https:\/\/forge-musee.fr\/wp-content\/uploads\/2024\/05\/Shlop-768x1086.png 768w, https:\/\/forge-musee.fr\/wp-content\/uploads\/2024\/05\/Shlop-1086x1536.png 1086w, https:\/\/forge-musee.fr\/wp-content\/uploads\/2024\/05\/Shlop.png 1414w\" sizes=\"auto, (max-width: 724px) 100vw, 724px\" \/><\/figure>\n\n\n\n<figure class=\"wp-block-image size-large\"><img loading=\"lazy\" decoding=\"async\" width=\"724\" height=\"1024\" data-id=\"402\" src=\"http:\/\/forge-musee.fr\/wp-content\/uploads\/2024\/05\/Pepites-vegetales-724x1024.jpg\" alt=\"\" class=\"wp-image-402\" srcset=\"https:\/\/forge-musee.fr\/wp-content\/uploads\/2024\/05\/Pepites-vegetales-724x1024.jpg 724w, https:\/\/forge-musee.fr\/wp-content\/uploads\/2024\/05\/Pepites-vegetales-212x300.jpg 212w, https:\/\/forge-musee.fr\/wp-content\/uploads\/2024\/05\/Pepites-vegetales-768x1086.jpg 768w, https:\/\/forge-musee.fr\/wp-content\/uploads\/2024\/05\/Pepites-vegetales-1086x1536.jpg 1086w, https:\/\/forge-musee.fr\/wp-content\/uploads\/2024\/05\/Pepites-vegetales.jpg 1414w\" sizes=\"auto, (max-width: 724px) 100vw, 724px\" \/><\/figure>\n\n\n\n<figure class=\"wp-block-image size-large\"><img loading=\"lazy\" decoding=\"async\" width=\"724\" height=\"1024\" data-id=\"405\" src=\"http:\/\/forge-musee.fr\/wp-content\/uploads\/2024\/05\/Semaine-jeu--724x1024.jpg\" alt=\"\" class=\"wp-image-405\" srcset=\"https:\/\/forge-musee.fr\/wp-content\/uploads\/2024\/05\/Semaine-jeu--724x1024.jpg 724w, https:\/\/forge-musee.fr\/wp-content\/uploads\/2024\/05\/Semaine-jeu--212x300.jpg 212w, https:\/\/forge-musee.fr\/wp-content\/uploads\/2024\/05\/Semaine-jeu--768x1086.jpg 768w, https:\/\/forge-musee.fr\/wp-content\/uploads\/2024\/05\/Semaine-jeu--1086x1536.jpg 1086w, https:\/\/forge-musee.fr\/wp-content\/uploads\/2024\/05\/Semaine-jeu-.jpg 1414w\" sizes=\"auto, (max-width: 724px) 100vw, 724px\" \/><\/figure>\n\n\n\n<figure class=\"wp-block-image size-large\"><img loading=\"lazy\" decoding=\"async\" width=\"724\" height=\"1024\" data-id=\"407\" src=\"http:\/\/forge-musee.fr\/wp-content\/uploads\/2024\/05\/Ferronnerie-juillet-724x1024.png\" alt=\"\" class=\"wp-image-407\" srcset=\"https:\/\/forge-musee.fr\/wp-content\/uploads\/2024\/05\/Ferronnerie-juillet-724x1024.png 724w, https:\/\/forge-musee.fr\/wp-content\/uploads\/2024\/05\/Ferronnerie-juillet-212x300.png 212w, https:\/\/forge-musee.fr\/wp-content\/uploads\/2024\/05\/Ferronnerie-juillet-768x1086.png 768w, https:\/\/forge-musee.fr\/wp-content\/uploads\/2024\/05\/Ferronnerie-juillet-1086x1536.png 1086w, https:\/\/forge-musee.fr\/wp-content\/uploads\/2024\/05\/Ferronnerie-juillet.png 1414w\" sizes=\"auto, (max-width: 724px) 100vw, 724px\" \/><\/figure>\n\n\n\n<figure class=\"wp-block-image size-large\"><img loading=\"lazy\" decoding=\"async\" width=\"724\" height=\"1024\" data-id=\"400\" src=\"http:\/\/forge-musee.fr\/wp-content\/uploads\/2024\/05\/Nuit-des-Musees_Puces-724x1024.jpg\" alt=\"\" class=\"wp-image-400\" srcset=\"https:\/\/forge-musee.fr\/wp-content\/uploads\/2024\/05\/Nuit-des-Musees_Puces-724x1024.jpg 724w, https:\/\/forge-musee.fr\/wp-content\/uploads\/2024\/05\/Nuit-des-Musees_Puces-212x300.jpg 212w, https:\/\/forge-musee.fr\/wp-content\/uploads\/2024\/05\/Nuit-des-Musees_Puces-768x1086.jpg 768w, https:\/\/forge-musee.fr\/wp-content\/uploads\/2024\/05\/Nuit-des-Musees_Puces-1086x1536.jpg 1086w, https:\/\/forge-musee.fr\/wp-content\/uploads\/2024\/05\/Nuit-des-Musees_Puces.jpg 1414w\" sizes=\"auto, (max-width: 724px) 100vw, 724px\" \/><\/figure>\n\n\n\n<figure class=\"wp-block-image size-large\"><img loading=\"lazy\" decoding=\"async\" width=\"724\" height=\"1024\" data-id=\"403\" src=\"http:\/\/forge-musee.fr\/wp-content\/uploads\/2024\/05\/Paques-724x1024.png\" alt=\"\" class=\"wp-image-403\" srcset=\"https:\/\/forge-musee.fr\/wp-content\/uploads\/2024\/05\/Paques-724x1024.png 724w, https:\/\/forge-musee.fr\/wp-content\/uploads\/2024\/05\/Paques-212x300.png 212w, https:\/\/forge-musee.fr\/wp-content\/uploads\/2024\/05\/Paques-768x1086.png 768w, https:\/\/forge-musee.fr\/wp-content\/uploads\/2024\/05\/Paques-1086x1536.png 1086w, https:\/\/forge-musee.fr\/wp-content\/uploads\/2024\/05\/Paques.png 1414w\" sizes=\"auto, (max-width: 724px) 100vw, 724px\" \/><\/figure>\n<\/figure>\n\n\n\n<figure class=\"wp-block-gallery has-nested-images columns-default is-cropped wp-block-gallery-5 is-layout-flex wp-block-gallery-is-layout-flex\">\n<figure class=\"wp-block-image size-large\"><img loading=\"lazy\" decoding=\"async\" width=\"724\" height=\"1024\" data-id=\"411\" src=\"http:\/\/forge-musee.fr\/wp-content\/uploads\/2024\/05\/1-724x1024.png\" alt=\"\" class=\"wp-image-411\" srcset=\"https:\/\/forge-musee.fr\/wp-content\/uploads\/2024\/05\/1-724x1024.png 724w, https:\/\/forge-musee.fr\/wp-content\/uploads\/2024\/05\/1-212x300.png 212w, https:\/\/forge-musee.fr\/wp-content\/uploads\/2024\/05\/1-768x1086.png 768w, https:\/\/forge-musee.fr\/wp-content\/uploads\/2024\/05\/1-1086x1536.png 1086w, https:\/\/forge-musee.fr\/wp-content\/uploads\/2024\/05\/1.png 1414w\" sizes=\"auto, (max-width: 724px) 100vw, 724px\" \/><\/figure>\n\n\n\n<figure class=\"wp-block-image size-large\"><img loading=\"lazy\" decoding=\"async\" width=\"724\" height=\"1024\" data-id=\"401\" src=\"http:\/\/forge-musee.fr\/wp-content\/uploads\/2024\/05\/Affiche-JEP-724x1024.jpg\" alt=\"\" class=\"wp-image-401\" srcset=\"https:\/\/forge-musee.fr\/wp-content\/uploads\/2024\/05\/Affiche-JEP-724x1024.jpg 724w, https:\/\/forge-musee.fr\/wp-content\/uploads\/2024\/05\/Affiche-JEP-212x300.jpg 212w, https:\/\/forge-musee.fr\/wp-content\/uploads\/2024\/05\/Affiche-JEP-768x1086.jpg 768w, https:\/\/forge-musee.fr\/wp-content\/uploads\/2024\/05\/Affiche-JEP-1086x1536.jpg 1086w, https:\/\/forge-musee.fr\/wp-content\/uploads\/2024\/05\/Affiche-JEP.jpg 1414w\" sizes=\"auto, (max-width: 724px) 100vw, 724px\" \/><figcaption class=\"wp-element-caption\">xr:d:DAFg1gIbU-w:77,j:1148818525960225406,t:23082312<\/figcaption><\/figure>\n\n\n\n<figure class=\"wp-block-image size-large\"><img loading=\"lazy\" decoding=\"async\" width=\"724\" height=\"1024\" data-id=\"412\" src=\"http:\/\/forge-musee.fr\/wp-content\/uploads\/2024\/05\/Tournage-sur-bois-724x1024.jpg\" alt=\"\" class=\"wp-image-412\" srcset=\"https:\/\/forge-musee.fr\/wp-content\/uploads\/2024\/05\/Tournage-sur-bois-724x1024.jpg 724w, https:\/\/forge-musee.fr\/wp-content\/uploads\/2024\/05\/Tournage-sur-bois-212x300.jpg 212w, https:\/\/forge-musee.fr\/wp-content\/uploads\/2024\/05\/Tournage-sur-bois-768x1086.jpg 768w, https:\/\/forge-musee.fr\/wp-content\/uploads\/2024\/05\/Tournage-sur-bois-1086x1536.jpg 1086w, https:\/\/forge-musee.fr\/wp-content\/uploads\/2024\/05\/Tournage-sur-bois.jpg 1414w\" sizes=\"auto, (max-width: 724px) 100vw, 724px\" \/><figcaption class=\"wp-element-caption\">xr:d:DAFg1gIbU-w:53,j:6163574871728110279,t:23080516<\/figcaption><\/figure>\n<\/figure>\n","protected":false},"excerpt":{"rendered":"<p>En pr\u00e9paration &#8230; pour la nouvelle saison d&rsquo;ouverture 2026 Les \u00e9v\u00e9nements pass\u00e9s : 2025 Les \u00e9v\u00e9nements pass\u00e9s : 2024 Les \u00e9v\u00e9nements pass\u00e9s : 2023<\/p>\n","protected":false},"author":1,"featured_media":0,"parent":0,"menu_order":0,"comment_status":"closed","ping_status":"closed","template":"","meta":{"footnotes":""},"class_list":["post-373","page","type-page","status-publish","hentry"],"_links":{"self":[{"href":"https:\/\/forge-musee.fr\/index.php\/wp-json\/wp\/v2\/pages\/373","targetHints":{"allow":["GET"]}}],"collection":[{"href":"https:\/\/forge-musee.fr\/index.php\/wp-json\/wp\/v2\/pages"}],"about":[{"href":"https:\/\/forge-musee.fr\/index.php\/wp-json\/wp\/v2\/types\/page"}],"author":[{"embeddable":true,"href":"https:\/\/forge-musee.fr\/index.php\/wp-json\/wp\/v2\/users\/1"}],"replies":[{"embeddable":true,"href":"https:\/\/forge-musee.fr\/index.php\/wp-json\/wp\/v2\/comments?post=373"}],"version-history":[{"count":71,"href":"https:\/\/forge-musee.fr\/index.php\/wp-json\/wp\/v2\/pages\/373\/revisions"}],"predecessor-version":[{"id":916,"href":"https:\/\/forge-musee.fr\/index.php\/wp-json\/wp\/v2\/pages\/373\/revisions\/916"}],"wp:attachment":[{"href":"https:\/\/forge-musee.fr\/index.php\/wp-json\/wp\/v2\/media?parent=373"}],"curies":[{"name":"wp","href":"https:\/\/api.w.org\/{rel}","templated":true}]}}