{"id":651,"date":"2024-10-25T17:50:56","date_gmt":"2024-10-25T15:50:56","guid":{"rendered":"https:\/\/forge-musee.fr\/?page_id=651"},"modified":"2025-03-26T12:31:56","modified_gmt":"2025-03-26T11:31:56","slug":"nos-labels","status":"publish","type":"page","link":"https:\/\/forge-musee.fr\/index.php\/nos-labels\/","title":{"rendered":"Nos appellations"},"content":{"rendered":"\n<div class=\"wp-block-media-text is-stacked-on-mobile\" style=\"grid-template-columns:16% auto\"><figure class=\"wp-block-media-text__media\"><img loading=\"lazy\" decoding=\"async\" width=\"200\" height=\"200\" src=\"http:\/\/forge-musee.fr\/wp-content\/uploads\/2024\/04\/cropped-cropped-cropped-Logo-musee-de-France.jpg\" alt=\"\" class=\"wp-image-631 size-full\" srcset=\"https:\/\/forge-musee.fr\/wp-content\/uploads\/2024\/04\/cropped-cropped-cropped-Logo-musee-de-France.jpg 200w, https:\/\/forge-musee.fr\/wp-content\/uploads\/2024\/04\/cropped-cropped-cropped-Logo-musee-de-France-150x150.jpg 150w\" sizes=\"auto, (max-width: 200px) 100vw, 200px\" \/><\/figure><div class=\"wp-block-media-text__content\">\n<h2 class=\"wp-block-heading has-text-align-left\"><em>Mus\u00e9e de France<\/em><\/h2>\n<\/div><\/div>\n\n\n\n<div class=\"wp-block-group is-vertical is-layout-flex wp-container-core-group-is-layout-8cf370e7 wp-block-group-is-layout-flex\">\n<hr class=\"wp-block-separator has-alpha-channel-opacity\"\/>\n<\/div>\n\n\n\n<p><strong>La Forge-mus\u00e9e d&rsquo;\u00c9tueffont est une des quatre structures du d\u00e9partement du Territoire de  Belfort \u00e0 b\u00e9n\u00e9ficier de ce label (derni\u00e8re version 2022).<\/strong><\/p>\n\n\n\n<p>L\u2019Appellation \u00ab&nbsp;Mus\u00e9e de France&nbsp;\u00bb a \u00e9t\u00e9 cr\u00e9\u00e9e par la loi du 4 janvier 2002.<\/p>\n\n\n\n<p><em>Est consid\u00e9r\u00e9 comme \u00ab Mus\u00e9e de France&nbsp;\u00bb, au sens de cette loi, \u00ab&nbsp;toute collection permanente compos\u00e9e de biens dont la conservation et la pr\u00e9sentation rev\u00eatent un <strong>int\u00e9r\u00eat<\/strong> public et organis\u00e9e en vue de la connaissance, de l&rsquo;\u00e9ducation et du plaisir du public&nbsp;\u00bb (Art. L. 410-1.).<\/em><\/p>\n\n\n\n<p><\/p>\n\n\n\n<div class=\"wp-block-media-text has-media-on-the-right is-stacked-on-mobile is-vertically-aligned-center\" style=\"grid-template-columns:auto 18%\"><div class=\"wp-block-media-text__content\">\n<h2 class=\"wp-block-heading\"><em>Monument Historique<\/em><\/h2>\n<\/div><figure class=\"wp-block-media-text__media\"><img loading=\"lazy\" decoding=\"async\" width=\"400\" height=\"400\" src=\"http:\/\/forge-musee.fr\/wp-content\/uploads\/2024\/04\/cropped-1200px_Logo_monument_historique___rouge_svg1693226349939.png\" alt=\"\" class=\"wp-image-632 size-full\" srcset=\"https:\/\/forge-musee.fr\/wp-content\/uploads\/2024\/04\/cropped-1200px_Logo_monument_historique___rouge_svg1693226349939.png 400w, https:\/\/forge-musee.fr\/wp-content\/uploads\/2024\/04\/cropped-1200px_Logo_monument_historique___rouge_svg1693226349939-300x300.png 300w, https:\/\/forge-musee.fr\/wp-content\/uploads\/2024\/04\/cropped-1200px_Logo_monument_historique___rouge_svg1693226349939-150x150.png 150w\" sizes=\"auto, (max-width: 400px) 100vw, 400px\" \/><\/figure><\/div>\n\n\n\n<div class=\"wp-block-group is-vertical is-layout-flex wp-container-core-group-is-layout-8cf370e7 wp-block-group-is-layout-flex\">\n<hr class=\"wp-block-separator has-alpha-channel-opacity\"\/>\n<\/div>\n\n\n\n<p><em>Un monument historique est, en France, <strong>un meuble ou un immeuble recevant par arr\u00eat\u00e9 un statut juridique et un label destin\u00e9s \u00e0 le prot\u00e9ger, du fait de son int\u00e9r\u00eat historique, artistique ou architectural<\/strong>.<\/em><\/p>\n","protected":false},"excerpt":{"rendered":"<p>Mus\u00e9e de France La Forge-mus\u00e9e d&rsquo;\u00c9tueffont est une des quatre structures du d\u00e9partement du Territoire de Belfort \u00e0 b\u00e9n\u00e9ficier de ce label (derni\u00e8re version 2022). L\u2019Appellation \u00ab&nbsp;Mus\u00e9e de France&nbsp;\u00bb a \u00e9t\u00e9 cr\u00e9\u00e9e par la loi du 4 janvier 2002. Est consid\u00e9r\u00e9 comme \u00ab Mus\u00e9e de France&nbsp;\u00bb, au sens de cette loi, \u00ab&nbsp;toute collection permanente compos\u00e9e [&hellip;]<\/p>\n","protected":false},"author":1,"featured_media":0,"parent":0,"menu_order":0,"comment_status":"closed","ping_status":"closed","template":"","meta":{"footnotes":""},"class_list":["post-651","page","type-page","status-publish","hentry"],"_links":{"self":[{"href":"https:\/\/forge-musee.fr\/index.php\/wp-json\/wp\/v2\/pages\/651","targetHints":{"allow":["GET"]}}],"collection":[{"href":"https:\/\/forge-musee.fr\/index.php\/wp-json\/wp\/v2\/pages"}],"about":[{"href":"https:\/\/forge-musee.fr\/index.php\/wp-json\/wp\/v2\/types\/page"}],"author":[{"embeddable":true,"href":"https:\/\/forge-musee.fr\/index.php\/wp-json\/wp\/v2\/users\/1"}],"replies":[{"embeddable":true,"href":"https:\/\/forge-musee.fr\/index.php\/wp-json\/wp\/v2\/comments?post=651"}],"version-history":[{"count":8,"href":"https:\/\/forge-musee.fr\/index.php\/wp-json\/wp\/v2\/pages\/651\/revisions"}],"predecessor-version":[{"id":781,"href":"https:\/\/forge-musee.fr\/index.php\/wp-json\/wp\/v2\/pages\/651\/revisions\/781"}],"wp:attachment":[{"href":"https:\/\/forge-musee.fr\/index.php\/wp-json\/wp\/v2\/media?parent=651"}],"curies":[{"name":"wp","href":"https:\/\/api.w.org\/{rel}","templated":true}]}}