{"id":751,"date":"2025-02-13T15:12:09","date_gmt":"2025-02-13T14:12:09","guid":{"rendered":"https:\/\/forge-musee.fr\/?page_id=751"},"modified":"2026-03-18T10:05:10","modified_gmt":"2026-03-18T09:05:10","slug":"dons-et-prets","status":"publish","type":"page","link":"https:\/\/forge-musee.fr\/index.php\/dons-et-prets\/","title":{"rendered":"Dons et pr\u00eats"},"content":{"rendered":"\n<p class=\"has-text-align-center\"><strong>Au regard de crit\u00e8res et de proc\u00e9dures, la politique d\u2019acquisition est raisonn\u00e9e. <\/strong><\/p>\n\n\n\n<p class=\"has-text-align-center\"><strong>L\u2019entr\u00e9e des collections au mus\u00e9e implique des co\u00fbts de gestion, de conservation et d\u2019\u00e9tude. <\/strong><\/p>\n\n\n\n<p class=\"has-text-align-center\"><strong>Elle est encadr\u00e9e l\u00e9galement par le <em>Code du patrimoine<\/em>.&nbsp;<\/strong><\/p>\n\n\n\n<div style=\"height:29px\" aria-hidden=\"true\" class=\"wp-block-spacer\"><\/div>\n\n\n\n<p class=\"has-text-align-center\">Ainsi tout projet d\u2019acquisition, par don comme par achat, <\/p>\n\n\n\n<p class=\"has-text-align-center\">est examin\u00e9 par la <em>Commission scientifique d\u2019acquisition des Mus\u00e9es de France<\/em>.<\/p>\n\n\n\n<p class=\"has-text-align-center\"><\/p>\n\n\n\n<p class=\"has-text-align-center\">A la Forge-mus\u00e9e ce&nbsp;sont <strong>1300 <\/strong>objets r\u00e9pertori\u00e9s et inventori\u00e9s. <\/p>\n\n\n\n<p class=\"has-text-align-center\">Tous ne sont pas restaur\u00e9s et \u00e9tudi\u00e9s.&nbsp;<\/p>\n\n\n\n<div style=\"height:29px\" aria-hidden=\"true\" class=\"wp-block-spacer\"><\/div>\n\n\n\n<p class=\"has-text-align-center\"><strong>A partir de 2025, nous concentrons&nbsp;sur leur restauration et leur \u00e9tude avant d&rsquo;acqu\u00e9rir de nouveaux objets.<\/strong><\/p>\n\n\n\n<p class=\"has-text-align-center\"><strong>Nous n&rsquo;acceptons plus d&rsquo;objets n&rsquo;ayant pas de rapport avec la famille Petitjean.<\/strong><\/p>\n\n\n\n<div style=\"height:29px\" aria-hidden=\"true\" class=\"wp-block-spacer\"><\/div>\n\n\n\n<p class=\"has-text-align-center\">Seuls les objets ayant appartenu \u00e0 la famille Petit seront \u00e9tudi\u00e9s et pourront faire l&rsquo;objet d&rsquo;une <\/p>\n\n\n\n<p class=\"has-text-align-center\">\u00ab\u00a0<em>convention de dons et de pr\u00eats<\/em>\u00a0\u00bb avec la commune d&rsquo;Etueffont, propri\u00e9taire des collections.<\/p>\n\n\n\n<p class=\"has-text-align-center\"><\/p>\n\n\n\n<div style=\"height:29px\" aria-hidden=\"true\" class=\"wp-block-spacer\"><\/div>\n\n\n\n<p class=\"has-text-align-center\"><\/p>\n\n\n\n<p class=\"has-text-align-center\"><strong>Merci d&rsquo;envoyer un mail avec photos, description des objets et historique en rapport avec la famille Petitjean, date d&rsquo;utilisation \u00e0 : <a href=\"mailto:Etueffont.culture@outlook.fr\" target=\"_blank\" rel=\"noreferrer noopener\">MissionPSC.Etueffont@outlook.fr<\/a><\/strong><\/p>\n\n\n\n<div style=\"height:29px\" aria-hidden=\"true\" class=\"wp-block-spacer\"><\/div>\n\n\n\n<div style=\"height:29px\" aria-hidden=\"true\" class=\"wp-block-spacer\"><\/div>\n\n\n\n<p><em>Proc\u00e9dure Mus\u00e9e de France<\/em><\/p>\n\n\n\n<p><em><a href=\"https:\/\/www.legifrance.gouv.fr\/codes\/section_lc\/LEGITEXT000006074236\/LEGISCTA000024240874\/\">Commission Scientifique d&rsquo;acquisition<\/a><\/em><\/p>\n","protected":false},"excerpt":{"rendered":"<p>Au regard de crit\u00e8res et de proc\u00e9dures, la politique d\u2019acquisition est raisonn\u00e9e. L\u2019entr\u00e9e des collections au mus\u00e9e implique des co\u00fbts de gestion, de conservation et d\u2019\u00e9tude. Elle est encadr\u00e9e l\u00e9galement par le Code du patrimoine.&nbsp; Ainsi tout projet d\u2019acquisition, par don comme par achat, est examin\u00e9 par la Commission scientifique d\u2019acquisition des Mus\u00e9es de France. [&hellip;]<\/p>\n","protected":false},"author":1,"featured_media":0,"parent":0,"menu_order":0,"comment_status":"closed","ping_status":"closed","template":"","meta":{"footnotes":""},"class_list":["post-751","page","type-page","status-publish","hentry"],"_links":{"self":[{"href":"https:\/\/forge-musee.fr\/index.php\/wp-json\/wp\/v2\/pages\/751","targetHints":{"allow":["GET"]}}],"collection":[{"href":"https:\/\/forge-musee.fr\/index.php\/wp-json\/wp\/v2\/pages"}],"about":[{"href":"https:\/\/forge-musee.fr\/index.php\/wp-json\/wp\/v2\/types\/page"}],"author":[{"embeddable":true,"href":"https:\/\/forge-musee.fr\/index.php\/wp-json\/wp\/v2\/users\/1"}],"replies":[{"embeddable":true,"href":"https:\/\/forge-musee.fr\/index.php\/wp-json\/wp\/v2\/comments?post=751"}],"version-history":[{"count":13,"href":"https:\/\/forge-musee.fr\/index.php\/wp-json\/wp\/v2\/pages\/751\/revisions"}],"predecessor-version":[{"id":939,"href":"https:\/\/forge-musee.fr\/index.php\/wp-json\/wp\/v2\/pages\/751\/revisions\/939"}],"wp:attachment":[{"href":"https:\/\/forge-musee.fr\/index.php\/wp-json\/wp\/v2\/media?parent=751"}],"curies":[{"name":"wp","href":"https:\/\/api.w.org\/{rel}","templated":true}]}}