{"id":851,"date":"2025-06-26T15:24:38","date_gmt":"2025-06-26T13:24:38","guid":{"rendered":"http:\/\/forge-musee.fr\/?page_id=851"},"modified":"2026-02-18T16:38:48","modified_gmt":"2026-02-18T15:38:48","slug":"pepites-vegetales","status":"publish","type":"page","link":"https:\/\/forge-musee.fr\/index.php\/pepites-vegetales\/","title":{"rendered":"P\u00e9pites V\u00e9g\u00e9tales"},"content":{"rendered":"\n<blockquote class=\"wp-block-quote is-layout-flow wp-block-quote-is-layout-flow\">\n<p class=\"has-text-align-center\"><em>P\u00e9pites V\u00e9g\u00e9tales est un projet qui est n\u00e9 d&rsquo;une volont\u00e9 de mettre en lumi\u00e8re les usages des v\u00e9g\u00e9taux, en partant de l&rsquo;\u00e9poque des Petitjean, famille de forgerons-paysans vivant \u00e0 Etueffont aux XIX et XX\u00e8 si\u00e8cles. <\/em><\/p>\n<\/blockquote>\n\n\n\n<blockquote class=\"wp-block-quote is-layout-flow wp-block-quote-is-layout-flow\">\n<p class=\"has-text-align-center\"><em>C&rsquo;est donc en 2023 qu&rsquo;une premi\u00e8re \u00e9dition a vu le jour sous la forme d&rsquo;une exposition participative : panneaux explicatifs, espaces interactifs, mini-jeux et autres installations autour des usages des plantes en dehors de l&rsquo;alimentation. Les th\u00e8mes abord\u00e9s : le textile (du coton au \u00ab\u00a0cuir\u00a0\u00bb de cactus), les pigments (pour les textiles notamment), la vannerie (dans les petits objets comme dans les constructions), les cosm\u00e9tiques (du rouge \u00e0 l\u00e8vre-coquelicot aux baumes v\u00e9g\u00e9taux), la \u00ab\u00a0phytoth\u00e9rapie\u00a0\u00bb et autres usages du quotidien.<\/em><\/p>\n<\/blockquote>\n\n\n\n<hr class=\"wp-block-separator has-alpha-channel-opacity\"\/>\n\n\n\n<p class=\"has-text-align-center\"><em>En ao\u00fbt 2025, l&rsquo;exposition reprenait les deux premiers th\u00e8mes de 2023 : le textile et la vannerie, en les abordant de fa\u00e7on beaucoup plus exhaustive. <\/em><\/p>\n\n\n\n<div class=\"wp-block-media-text is-stacked-on-mobile\" style=\"grid-template-columns:27% auto\"><figure class=\"wp-block-media-text__media\"><img loading=\"lazy\" decoding=\"async\" width=\"724\" height=\"1024\" src=\"http:\/\/forge-musee.fr\/wp-content\/uploads\/2025\/06\/AFF-1-724x1024.jpg\" alt=\"\" class=\"wp-image-852 size-full\" srcset=\"https:\/\/forge-musee.fr\/wp-content\/uploads\/2025\/06\/AFF-1-724x1024.jpg 724w, https:\/\/forge-musee.fr\/wp-content\/uploads\/2025\/06\/AFF-1-212x300.jpg 212w, https:\/\/forge-musee.fr\/wp-content\/uploads\/2025\/06\/AFF-1-768x1086.jpg 768w, https:\/\/forge-musee.fr\/wp-content\/uploads\/2025\/06\/AFF-1-1086x1536.jpg 1086w, https:\/\/forge-musee.fr\/wp-content\/uploads\/2025\/06\/AFF-1.jpg 1414w\" sizes=\"auto, (max-width: 724px) 100vw, 724px\" \/><\/figure><div class=\"wp-block-media-text__content\">\n<p>De <strong>nouveaux panneaux<\/strong> ont \u00e9t\u00e9 mis en place pour d\u00e9tailler les origines des deux pratiques, leur importance dans la vie quotidienne, actuelle ou non&#8230; Diverses installations ont \u00e9t\u00e9 \u00e9galement install\u00e9es : un <em>tissage participatif<\/em>, des <em>objets vann\u00e9s<\/em> de toutes sortes, diff\u00e9rents <em>textiles produits \u00e0 partir de fibres v\u00e9g\u00e9tales<\/em>, des <em>outils <\/em>embl\u00e9matiques et bien d&rsquo;autres choses que les visteurs ont pu d\u00e9couvrir sur place.<\/p>\n<\/div><\/div>\n\n\n\n<p><\/p>\n","protected":false},"excerpt":{"rendered":"<p>P\u00e9pites V\u00e9g\u00e9tales est un projet qui est n\u00e9 d&rsquo;une volont\u00e9 de mettre en lumi\u00e8re les usages des v\u00e9g\u00e9taux, en partant de l&rsquo;\u00e9poque des Petitjean, famille de forgerons-paysans vivant \u00e0 Etueffont aux XIX et XX\u00e8 si\u00e8cles. C&rsquo;est donc en 2023 qu&rsquo;une premi\u00e8re \u00e9dition a vu le jour sous la forme d&rsquo;une exposition participative : panneaux explicatifs, [&hellip;]<\/p>\n","protected":false},"author":1,"featured_media":0,"parent":0,"menu_order":0,"comment_status":"closed","ping_status":"closed","template":"","meta":{"footnotes":""},"class_list":["post-851","page","type-page","status-publish","hentry"],"_links":{"self":[{"href":"https:\/\/forge-musee.fr\/index.php\/wp-json\/wp\/v2\/pages\/851","targetHints":{"allow":["GET"]}}],"collection":[{"href":"https:\/\/forge-musee.fr\/index.php\/wp-json\/wp\/v2\/pages"}],"about":[{"href":"https:\/\/forge-musee.fr\/index.php\/wp-json\/wp\/v2\/types\/page"}],"author":[{"embeddable":true,"href":"https:\/\/forge-musee.fr\/index.php\/wp-json\/wp\/v2\/users\/1"}],"replies":[{"embeddable":true,"href":"https:\/\/forge-musee.fr\/index.php\/wp-json\/wp\/v2\/comments?post=851"}],"version-history":[{"count":9,"href":"https:\/\/forge-musee.fr\/index.php\/wp-json\/wp\/v2\/pages\/851\/revisions"}],"predecessor-version":[{"id":925,"href":"https:\/\/forge-musee.fr\/index.php\/wp-json\/wp\/v2\/pages\/851\/revisions\/925"}],"wp:attachment":[{"href":"https:\/\/forge-musee.fr\/index.php\/wp-json\/wp\/v2\/media?parent=851"}],"curies":[{"name":"wp","href":"https:\/\/api.w.org\/{rel}","templated":true}]}}