{"id":96,"date":"2024-05-02T17:51:02","date_gmt":"2024-05-02T15:51:02","guid":{"rendered":"http:\/\/forge-musee.fr\/?page_id=96"},"modified":"2025-03-26T12:46:09","modified_gmt":"2025-03-26T11:46:09","slug":"accueil","status":"publish","type":"page","link":"https:\/\/forge-musee.fr\/index.php\/accueil\/","title":{"rendered":"Accueil"},"content":{"rendered":"<div data-colibri-id=\"96-c1\" class=\"style-374 style-local-96-c1 position-relative\">\n  <!----><\/p>\n<div data-colibri-component=\"section\" data-colibri-id=\"96-c2\" id=\"initial-content\" class=\"h-section h-section-global-spacing d-flex align-items-lg-center align-items-md-center align-items-center style-375 style-local-96-c2 position-relative\">\n    <!----><br \/>\n    <!----><\/p>\n<div class=\"h-section-grid-container h-section-boxed-container\">\n      <!----><\/p>\n<div data-colibri-id=\"96-c3\" class=\"h-row-container gutters-row-lg-2 gutters-row-md-2 gutters-row-0 gutters-row-v-lg-2 gutters-row-v-md-2 gutters-row-v-2 style-376 style-local-96-c3 position-relative\">\n        <!----><\/p>\n<div class=\"h-row justify-content-lg-center justify-content-md-center justify-content-center align-items-lg-stretch align-items-md-stretch align-items-stretch gutters-col-lg-2 gutters-col-md-2 gutters-col-0 gutters-col-v-lg-2 gutters-col-v-md-2 gutters-col-v-2\">\n          <!----><\/p>\n<div class=\"h-column h-column-container d-flex h-col-lg-auto h-col-md-auto h-col-auto style-377-outer style-local-96-c4-outer\">\n<div data-colibri-id=\"96-c4\" class=\"d-flex h-flex-basis h-column__inner h-px-lg-2 h-px-md-2 h-px-2 v-inner-lg-2 v-inner-md-2 v-inner-2 style-377 style-local-96-c4 position-relative\">\n              <!----><br \/>\n              <!----><\/p>\n<div class=\"w-100 h-y-container h-column__content h-column__v-align flex-basis-100 align-self-lg-start align-self-md-start align-self-start\">\n                <!----><\/p>\n<div data-colibri-id=\"96-c5\" class=\"style-378 style-local-96-c5 position-relative h-element\">\n                  <!----><\/p>\n<div>\n\n\n<figure class=\"wp-block-gallery has-nested-images columns-default is-cropped wp-block-gallery-1 is-layout-flex wp-block-gallery-is-layout-flex\">\n<figure class=\"wp-block-image size-large\"><img loading=\"lazy\" decoding=\"async\" width=\"1024\" height=\"683\" data-id=\"708\" src=\"https:\/\/forge-musee.fr\/wp-content\/uploads\/2025\/02\/IMG_6673-1024x683.jpg\" alt=\"\" class=\"wp-image-708\" srcset=\"https:\/\/forge-musee.fr\/wp-content\/uploads\/2025\/02\/IMG_6673-1024x683.jpg 1024w, https:\/\/forge-musee.fr\/wp-content\/uploads\/2025\/02\/IMG_6673-300x200.jpg 300w, https:\/\/forge-musee.fr\/wp-content\/uploads\/2025\/02\/IMG_6673-768x512.jpg 768w, https:\/\/forge-musee.fr\/wp-content\/uploads\/2025\/02\/IMG_6673-1536x1024.jpg 1536w, https:\/\/forge-musee.fr\/wp-content\/uploads\/2025\/02\/IMG_6673-2048x1365.jpg 2048w\" sizes=\"auto, (max-width: 1024px) 100vw, 1024px\" \/><\/figure>\n\n\n\n<figure class=\"wp-block-image size-large\"><img loading=\"lazy\" decoding=\"async\" width=\"1024\" height=\"683\" data-id=\"709\" src=\"http:\/\/forge-musee.fr\/wp-content\/uploads\/2025\/02\/399121498_847982053781612_8974430204472117539_n-1024x683.jpg\" alt=\"\" class=\"wp-image-709\" srcset=\"https:\/\/forge-musee.fr\/wp-content\/uploads\/2025\/02\/399121498_847982053781612_8974430204472117539_n-1024x683.jpg 1024w, https:\/\/forge-musee.fr\/wp-content\/uploads\/2025\/02\/399121498_847982053781612_8974430204472117539_n-300x200.jpg 300w, https:\/\/forge-musee.fr\/wp-content\/uploads\/2025\/02\/399121498_847982053781612_8974430204472117539_n-768x512.jpg 768w, https:\/\/forge-musee.fr\/wp-content\/uploads\/2025\/02\/399121498_847982053781612_8974430204472117539_n-1536x1024.jpg 1536w, https:\/\/forge-musee.fr\/wp-content\/uploads\/2025\/02\/399121498_847982053781612_8974430204472117539_n.jpg 2048w\" sizes=\"auto, (max-width: 1024px) 100vw, 1024px\" \/><\/figure>\n\n\n\n<figure class=\"wp-block-image size-large\"><img loading=\"lazy\" decoding=\"async\" width=\"1024\" height=\"683\" data-id=\"712\" src=\"https:\/\/forge-musee.fr\/wp-content\/uploads\/2025\/02\/IMG_9979-1024x683.jpg\" alt=\"\" class=\"wp-image-712\" srcset=\"https:\/\/forge-musee.fr\/wp-content\/uploads\/2025\/02\/IMG_9979-1024x683.jpg 1024w, https:\/\/forge-musee.fr\/wp-content\/uploads\/2025\/02\/IMG_9979-300x200.jpg 300w, https:\/\/forge-musee.fr\/wp-content\/uploads\/2025\/02\/IMG_9979-768x512.jpg 768w, https:\/\/forge-musee.fr\/wp-content\/uploads\/2025\/02\/IMG_9979-1536x1024.jpg 1536w, https:\/\/forge-musee.fr\/wp-content\/uploads\/2025\/02\/IMG_9979-2048x1365.jpg 2048w\" sizes=\"auto, (max-width: 1024px) 100vw, 1024px\" \/><\/figure>\n<\/figure>\n\n\n\n<p><\/p>\n\n\n\n<p><p><\/p>\n                    <div id=\"conteneur\" class=\"page-int\">\n                      <main id=\"zc\">\n                        <div class=\"container\">\n                          <div id=\"z-centrale\" class=\"col-md-9 col-sm-8 col-xs-12\">\n                            <div class=\"block_content\">\n                              <div class=\"bloc_isole\">\n                                <p style=\"text-align: justify;\">\n                                  <br> <strong style=\"font-size: 1em;\">La forge-mus\u00e9e d\u2019\u00c9tueffont pr\u00e9sente le lieu de vie et de travail de quatre g\u00e9n\u00e9rations de forgerons, mar\u00e9chaux-ferrants et paysans : les Petitjean<\/strong>. <span style=\"font-size: 1em;\">D\u2019Eug\u00e8ne \u00e0 C\u00e9sar, de 1843 \u00e0 1977, les techniques et savoir-faire se sont transmis de p\u00e8re en fils.<\/span><\/p>\n                              <\/div>\n                            <\/div>\n                          <\/div>\n                        <\/div>\n                      <\/main>\n                    <\/div>\n                    <p><\/p><\/p>\n\n\n\n<p><\/p>\n\n\n\n<p><p><\/p>\n                    <div id=\"conteneur\" class=\"page-int\">\n                      <main id=\"zc\">\n                        <div class=\"container\">\n                          <div id=\"z-centrale\" class=\"col-md-9 col-sm-8 col-xs-12\">\n                            <div class=\"block_content\">\n                              <div class=\"bloc_isole\"> <span style=\"font-size: 1em;\"><strong>Le film \u00ab Camille le Forgeron \u00bb<\/strong>, sp\u00e9cialement con\u00e7u pour le mus\u00e9e, vous plongera dans le pass\u00e9 &#8211; pas si lointain que \u00e7a ! \u2013 et vous permettra de d\u00e9couvrir le r\u00f4le du forgeron dans la vie \u00e9conomique et social d\u2019un village. Par ailleurs, le mode de vie de Camille le forgeron et de sa femme Justine, peu gourmands en ressources et produisant \u00ab z\u00e9ro d\u00e9chet \u00bb donne des exemples qui peuvent toujours \u00eatre appliqu\u00e9s.<\/span><\/div>\n                            <\/div>\n                          <\/div>\n                        <\/div>\n                      <\/main>\n                    <\/div>\n                    <p><\/p><\/p>\n\n\n\n<p><p><\/p>\n                    <div id=\"conteneur\" class=\"page-int\">\n                      <main id=\"zc\">\n                        <div class=\"container\">\n                          <div id=\"z-centrale\" class=\"col-md-9 col-sm-8 col-xs-12\">\n                            <div class=\"block_content\">\n                              <div class=\"bloc_isole\">\n                                <p style=\"text-align: justify;\">\n                                  <br> <span style=\"font-size: 1em;\">Loin d\u2019\u00eatre juste une collection d\u2019objets, la forge-mus\u00e9e est un <\/span><strong style=\"font-size: 1em;\">mus\u00e9e vivant<\/strong><span style=\"font-size: 1em;\">, o\u00f9 le savoir-faire du forgeron est encore transmis pendant des stages de forge.<\/span>\n                                  <strong style=\"font-size: 1em;\">&nbsp;<\/strong><span style=\"font-size: 1em;\">Vous pouvez \u00e9galement r\u00e9server une d\u00e9monstration de forge o\u00f9 le forgeron produit un objet de A \u00e0 Z devant vos yeux tout en expliquant les d\u00e9tails de sa cr\u00e9ation.<\/span><\/p>\n                              <\/div>\n                            <\/div>\n                          <\/div>\n                        <\/div>\n                      <\/main>\n                    <\/div>\n                    <p><\/p><\/p>\n\n\n\n<p>Depuis 2024, le mus\u00e9e est g\u00e9r\u00e9 par la commune d&rsquo;Etueffont. Les animations sont propos\u00e9es par l&rsquo;association de la forge-mus\u00e9e.<\/p>\n\n\n\n<p><em>N&rsquo;h\u00e9sitez pas \u00e0 rejoindre l&rsquo;\u00e9quipe de b\u00e9n\u00e9voles passionn\u00e9s !<\/em><\/p>\n\n\n<div class=\"h-text h-text-component style-379 style-local-96-c6 position-relative h-element\" data-colibri-id=\"96-c6\"><\/p>\n<div class=\"\">\u00a0<\/div>\n<\/div>\n<div class=\"h-text h-text-component style-380 style-local-96-c7 position-relative h-element\" data-colibri-id=\"96-c7\"><\/p>\n<div class=\"\">\u00a0<\/div>\n<\/div>","protected":false},"excerpt":{"rendered":"<p>La forge-mus\u00e9e d\u2019\u00c9tueffont pr\u00e9sente le lieu de vie et de travail de quatre g\u00e9n\u00e9rations de forgerons, mar\u00e9chaux-ferrants et paysans : les Petitjean. D\u2019Eug\u00e8ne \u00e0 C\u00e9sar, de 1843 \u00e0 1977, les techniques et savoir-faire se sont transmis de p\u00e8re en fils. Le film \u00ab Camille le Forgeron \u00bb, sp\u00e9cialement con\u00e7u pour le mus\u00e9e, vous plongera dans [&hellip;]<\/p>\n","protected":false},"author":1,"featured_media":0,"parent":0,"menu_order":0,"comment_status":"closed","ping_status":"closed","template":"page-templates\/full-width-page.php","meta":{"footnotes":""},"class_list":["post-96","page","type-page","status-publish","hentry"],"_links":{"self":[{"href":"https:\/\/forge-musee.fr\/index.php\/wp-json\/wp\/v2\/pages\/96","targetHints":{"allow":["GET"]}}],"collection":[{"href":"https:\/\/forge-musee.fr\/index.php\/wp-json\/wp\/v2\/pages"}],"about":[{"href":"https:\/\/forge-musee.fr\/index.php\/wp-json\/wp\/v2\/types\/page"}],"author":[{"embeddable":true,"href":"https:\/\/forge-musee.fr\/index.php\/wp-json\/wp\/v2\/users\/1"}],"replies":[{"embeddable":true,"href":"https:\/\/forge-musee.fr\/index.php\/wp-json\/wp\/v2\/comments?post=96"}],"version-history":[{"count":20,"href":"https:\/\/forge-musee.fr\/index.php\/wp-json\/wp\/v2\/pages\/96\/revisions"}],"predecessor-version":[{"id":785,"href":"https:\/\/forge-musee.fr\/index.php\/wp-json\/wp\/v2\/pages\/96\/revisions\/785"}],"wp:attachment":[{"href":"https:\/\/forge-musee.fr\/index.php\/wp-json\/wp\/v2\/media?parent=96"}],"curies":[{"name":"wp","href":"https:\/\/api.w.org\/{rel}","templated":true}]}}